{"id":150,"date":"2015-04-25T15:10:07","date_gmt":"2015-04-25T15:10:07","guid":{"rendered":"http:\/\/brooksidepress.org\/skills_lab\/?page_id=150"},"modified":"2020-09-08T19:23:15","modified_gmt":"2020-09-08T19:23:15","slug":"cinco-minutos-auto-examen-de-los-senos","status":"publish","type":"page","link":"https:\/\/brooksidepress.org\/skills_lab\/exams\/cinco-minutos-auto-examen-de-los-senos\/","title":{"rendered":"Cinco Minutos Auto Examen de los Senos"},"content":{"rendered":"<p><iframe loading=\"lazy\" src=\"\/\/player.vimeo.com\/video\/113786251\" width=\"500\" height=\"375\" frameborder=\"0\"><\/iframe><\/p>\n<p>Autoexamen de mamas es una importante habilidad de la vida para las mujeres.<\/p>\n<p>Se permite la detecci\u00f3n temprana de problemas, y la primera resoluci\u00f3n posible.<\/p>\n<p>Este v\u00eddeo muestra un m\u00e9todo para una mujer para examinar sus propios pechos.<\/p>\n","protected":false},"excerpt":{"rendered":"<p>Autoexamen de mamas es una importante habilidad de la vida para las mujeres. Se permite la detecci\u00f3n temprana de problemas, y la primera resoluci\u00f3n posible. Este v\u00eddeo muestra un m\u00e9todo para una mujer para examinar sus propios pechos.<\/p>\n","protected":false},"author":2,"featured_media":0,"parent":22,"menu_order":0,"comment_status":"closed","ping_status":"closed","template":"","meta":{"footnotes":""},"class_list":["post-150","page","type-page","status-publish","hentry"],"_links":{"self":[{"href":"https:\/\/brooksidepress.org\/skills_lab\/wp-json\/wp\/v2\/pages\/150","targetHints":{"allow":["GET"]}}],"collection":[{"href":"https:\/\/brooksidepress.org\/skills_lab\/wp-json\/wp\/v2\/pages"}],"about":[{"href":"https:\/\/brooksidepress.org\/skills_lab\/wp-json\/wp\/v2\/types\/page"}],"author":[{"embeddable":true,"href":"https:\/\/brooksidepress.org\/skills_lab\/wp-json\/wp\/v2\/users\/2"}],"replies":[{"embeddable":true,"href":"https:\/\/brooksidepress.org\/skills_lab\/wp-json\/wp\/v2\/comments?post=150"}],"version-history":[{"count":5,"href":"https:\/\/brooksidepress.org\/skills_lab\/wp-json\/wp\/v2\/pages\/150\/revisions"}],"predecessor-version":[{"id":647,"href":"https:\/\/brooksidepress.org\/skills_lab\/wp-json\/wp\/v2\/pages\/150\/revisions\/647"}],"up":[{"embeddable":true,"href":"https:\/\/brooksidepress.org\/skills_lab\/wp-json\/wp\/v2\/pages\/22"}],"wp:attachment":[{"href":"https:\/\/brooksidepress.org\/skills_lab\/wp-json\/wp\/v2\/media?parent=150"}],"curies":[{"name":"wp","href":"https:\/\/api.w.org\/{rel}","templated":true}]}}